{"id":86,"date":"2019-11-12T23:41:16","date_gmt":"2019-11-12T23:41:16","guid":{"rendered":"https:\/\/bergbauer-steuerkanzlei.de\/home\/?page_id=86"},"modified":"2025-07-06T21:56:40","modified_gmt":"2025-07-06T21:56:40","slug":"datenschutzerklaerung","status":"publish","type":"page","link":"https:\/\/bergbauer-steuerkanzlei.de\/home\/datenschutzerklaerung\/","title":{"rendered":"Datenschutzerkl\u00e4rung"},"content":{"rendered":"<section id=\"\"  class=\"light\"> <div class=\"container\">  <div class=\"row\"><div class=\"col-md-2  text-default\" ><\/div><div class=\"col-md-8  text-default\" >[vc_column_text css_animation=&#8220;none&#8220;]<\/p>\n<h4><span style=\"color: #003366;\">Name und Kontakt des Verantwortlichen gem\u00e4\u00df Artikel 4 Abs. 7 DSGVO<\/span><\/h4>\n<p><strong>Steuerkanzlei Bergbauer<\/strong><br \/>\nKarl Bergbauer<br \/>\nRodinger Stra\u00dfe 19<br \/>\nD \u2013 93413 Cham<\/p>\n<p>Tel.\u00a0 \u00a0 \u00a0+49 9971 8512-0<br \/>\nEmail \u00a0<a href=\"mailto:info@stk-bergbauer.de\">info(at)stk-bergbauer.de<\/a><\/p>\n<p>&nbsp;<\/p>\n<h4><span style=\"color: #003366;\">Kontaktdaten des Datenschutzbeauftragten:<\/span><\/h4>\n<p>Tel.\u00a0 \u00a0 \u00a0+49 9971 8512-0<br \/>\nEmail\u00a0 <a href=\"mailto:datenschutz@stk-bergbauer.de\">datenschutz(at)stk-bergbauer.de<\/a><\/p>\n<p>Der Datenschutzbeauftragte der Kanzlei ist unter der vorstehenden Kanzleianschrift und unter <a href=\"mailto:datenschutz@stk-bergbauer.de\">datenschutz(at)stk-bergbauer.de<\/a>\u00a0erreichbar.<\/p>\n<p>&nbsp;<\/p>\n<h4><span style=\"color: #003366;\">Information \u00fcber die Erhebung personenbezogener Daten<\/span><\/h4>\n<p>1___ Nachfolgend informieren wir Sie \u00fcber die Erhebung personenbezogener Daten bei der Nutzung unserer Website. Zu den personenbezogenen Daten z\u00e4hlen unter anderem Ihr Name, Ihre Anschrift, Ihre E-Mail-Adresse sowie Angaben zum Nutzerverhalten.<\/p>\n<p>2___ Wenn Sie mit uns per E-Mail oder \u00fcber ein Kontaktformular in Verbindung treten, werden die von Ihnen mitgeteilten Daten (z.\u202fB. Ihre E-Mail-Adresse, Ihr Name und ggf. Ihre Telefonnummer) von uns gespeichert, um Ihre Anfrage zu bearbeiten. Die in diesem Zusammenhang anfallenden Daten l\u00f6schen wir, sobald ihre Speicherung nicht mehr erforderlich ist, oder schr\u00e4nken deren Verarbeitung ein, sofern gesetzliche Aufbewahrungspflichten bestehen.<\/p>\n<p>3___ Sofern wir f\u00fcr einzelne Funktionen unseres Angebots externe Dienstleister beauftragen oder Ihre Daten zu werblichen Zwecken verwenden m\u00f6chten, informieren wir Sie im Folgenden im Detail \u00fcber die jeweiligen Vorg\u00e4nge. Dabei nennen wir auch die festgelegten Kriterien f\u00fcr die Dauer der Datenspeicherung.<\/p>\n<p>4___ Die von uns verarbeiteten personenbezogenen Daten werden gem\u00e4\u00df den Vorgaben der Art. 17 und 18 DSGVO gel\u00f6scht oder in ihrer Verarbeitung eingeschr\u00e4nkt. Sofern in dieser Datenschutzerkl\u00e4rung nicht ausdr\u00fccklich anders angegeben, erfolgt die L\u00f6schung, sobald die Daten f\u00fcr den vorgesehenen Zweck nicht mehr erforderlich sind und keine gesetzlichen Aufbewahrungspflichten entgegenstehen. Ist eine L\u00f6schung nicht m\u00f6glich, weil die Daten f\u00fcr andere gesetzlich zul\u00e4ssige Zwecke weiterhin ben\u00f6tigt werden, wird die Verarbeitung eingeschr\u00e4nkt. In diesem Fall werden die Daten gesperrt und nicht f\u00fcr andere Zwecke verwendet. Dies betrifft insbesondere Daten, die aufgrund handels- oder steuerrechtlicher Vorschriften aufzubewahren sind.<\/p>\n<p>5___ Unser Angebot richtet sich grunds\u00e4tzlich an vollj\u00e4hrige Personen. Personen unter 18 Jahren sollten ohne die Zustimmung ihrer Eltern oder Erziehungsberechtigten keine personenbezogenen Daten an uns \u00fcbermitteln.<\/p>\n<p>&nbsp;<\/p>\n<h4><span style=\"color: #003366;\">Ihre Rechte<\/span><\/h4>\n<p>1___ Sie haben uns gegen\u00fcber folgende Rechte in Bezug auf die Verarbeitung Ihrer personenbezogenen Daten:<\/p>\n<p><strong>Auskunftsrecht:<\/strong><br \/>\nSie haben das Recht, Auskunft \u00fcber die von uns zu Ihrer Person gespeicherten personenbezogenen Daten zu erhalten. Bitte haben Sie Verst\u00e4ndnis, dass wir bei nicht schriftlich eingereichten Auskunftsersuchen gegebenenfalls Nachweise zur Identit\u00e4tsfeststellung verlangen m\u00fcssen.<\/p>\n<p><strong>Recht auf Berichtigung, L\u00f6schung und Einschr\u00e4nkung der Verarbeitung:<\/strong><br \/>\nSofern die gesetzlichen Voraussetzungen erf\u00fcllt sind, k\u00f6nnen Sie die Berichtigung unzutreffender Daten, die L\u00f6schung Ihrer Daten oder die Einschr\u00e4nkung der Verarbeitung verlangen.<\/p>\n<p><strong>Widerspruchsrecht:<\/strong><br \/>\nSie haben das Recht, der Verarbeitung Ihrer personenbezogenen Daten aus Gr\u00fcnden, die sich aus Ihrer besonderen Situation ergeben, zu widersprechen \u2013 soweit die Verarbeitung auf einer Interessenabw\u00e4gung beruht.<\/p>\n<p><strong>Recht auf Daten\u00fcbertragbarkeit:<\/strong><br \/>\nSie haben das Recht, die uns bereitgestellten Daten in einem strukturierten, g\u00e4ngigen und maschinenlesbaren Format zu erhalten, sofern die gesetzlichen Voraussetzungen vorliegen.<\/p>\n<p>2___ Sollten Sie der Ansicht sein, dass die Verarbeitung Ihrer personenbezogenen Daten gegen geltendes Datenschutzrecht verst\u00f6\u00dft, steht Ihnen das Recht zu, Beschwerde bei einer Datenschutzaufsichtsbeh\u00f6rde einzulegen. Zust\u00e4ndig f\u00fcr uns ist insbesondere das Bayerische Landesamt f\u00fcr Datenschutzaufsicht.<\/p>\n<p>&nbsp;<\/p>\n<h4><span style=\"color: #003366;\">Erhebung personenbezogener Daten bei Besuch unserer Internetseite<\/span><\/h4>\n<p>1___ Bei rein informatorischer Nutzung unserer Website \u2013 also ohne Registrierung oder aktive \u00dcbermittlung von Informationen \u2013 erfassen wir nur jene personenbezogenen Daten, die Ihr Browser an unseren Server \u00fcbermittelt. Diese sind technisch erforderlich, um Ihnen unsere Website korrekt anzuzeigen und deren Stabilit\u00e4t sowie Sicherheit zu gew\u00e4hrleisten (Rechtsgrundlage: Art. 6 Abs. 1 S. 1 lit. f DSGVO):<br \/>\n\u2013 IP-Adresse<br \/>\n\u2013 Datum und Uhrzeit der Anfrage<br \/>\n\u2013 Zeitzonendifferenz zur Greenwich Mean Time (GMT)<br \/>\n\u2013 Inhalt der Anforderung (konkrete Seite)<br \/>\n\u2013 Zugriffsstatus \/ HTTP-Statuscode<br \/>\n\u2013 jeweils \u00fcbertragene Datenmenge<br \/>\n\u2013 Website, von der die Anforderung kommt<br \/>\n\u2013 Browser<br \/>\n\u2013 Betriebssystem und dessen Oberfl\u00e4che<br \/>\n\u2013 Sprache und Version der Browsersoftware.<\/p>\n<p>Zur Wahrung der IT-Sicherheit und zur Aufkl\u00e4rung von Missbrauchs- oder Betrugshandlungen werden diese Daten f\u00fcr maximal 7 Tage gespeichert und anschlie\u00dfend gel\u00f6scht. Daten, deren weitere Aufbewahrung zu Beweiszwecken erforderlich ist, sind bis zur endg\u00fcltigen Kl\u00e4rung des jeweiligen Vorfalls von der L\u00f6schung ausgenommen.<\/p>\n<p>2___ Beim Besuch unserer Website werden zus\u00e4tzlich Cookies auf Ihrem Endger\u00e4t gespeichert. Dabei handelt es sich um kleine Textdateien, die \u00fcber Ihren Browser bestimmten Informationen zuordnen und unser Onlineangebot insgesamt benutzerfreundlicher und effizienter gestalten. Cookies f\u00fchren keine Programme aus und enthalten keine Viren.<\/p>\n<p>3___ Einsatz von Cookies<br \/>\nDie Website verwendet transiente Cookies, die automatisch gel\u00f6scht werden, sobald Sie Ihren Browser schlie\u00dfen. Dazu z\u00e4hlen insbesondere sogenannte Session-Cookies. Diese speichern eine sogenannte Session-ID, mit der sich verschiedene Anfragen Ihres Browsers einer gemeinsamen Sitzung zuordnen lassen. Dadurch kann Ihr Endger\u00e4t wiedererkannt werden, wenn Sie auf unsere Website zur\u00fcckkehren. Die Session-Cookies werden beim Schlie\u00dfen des Browsers gel\u00f6scht.<\/p>\n<p>Die Website setzt au\u00dferdem persistente Cookies ein, die automatisiert nach einer vorgegebenen Speicherdauer gel\u00f6scht werden. Diese Dauer kann je nach Cookie variieren. Sie haben die M\u00f6glichkeit, diese Cookies jederzeit \u00fcber die Sicherheitseinstellungen Ihres Browsers manuell zu l\u00f6schen.<\/p>\n<p>Dar\u00fcber hinaus k\u00f6nnen Sie Ihre Browser-Einstellungen entsprechend Ihren W\u00fcnschen konfigurieren, z.\u202fB. die Annahme von Third-Party-Cookies oder s\u00e4mtlichen Cookies ablehnen. Wir weisen Sie jedoch darauf hin, dass bei einer Deaktivierung von Cookies gegebenenfalls nicht alle Funktionen dieser Website vollumf\u00e4nglich genutzt werden k\u00f6nnen.<\/p>\n<p>&nbsp;<\/p>\n<h4><span style=\"color: #003366;\">Weitere Funktionen und Angebote unserer Internetseite<\/span><\/h4>\n<p>1___ Neben der rein informatorischen Nutzung unserer Website bieten wir verschiedene Leistungen an, die Sie bei Interesse in Anspruch nehmen k\u00f6nnen. Hierf\u00fcr ist in der Regel die Angabe weiterer personenbezogener Daten erforderlich, die wir zur Erbringung der jeweiligen Leistung verarbeiten. Dabei gelten die zuvor beschriebenen Grunds\u00e4tze der Datenverarbeitung.<\/p>\n<p>2___ Teilweise setzen wir bei der Verarbeitung Ihrer Daten externe Dienstleister ein. Diese werden von uns sorgf\u00e4ltig ausgew\u00e4hlt und beauftragt, sind an unsere Weisungen gebunden und werden regelm\u00e4\u00dfig kontrolliert.<\/p>\n<p>3___ Dar\u00fcber hinaus kann eine Weitergabe Ihrer personenbezogenen Daten an Dritte erfolgen, wenn wir bestimmte Veranstaltungen, Vertragsabschl\u00fcsse oder \u00e4hnliche Leistungen gemeinsam mit Partnern anbieten. Detaillierte Informationen hierzu erhalten Sie im Rahmen der jeweiligen Datenerhebung.<\/p>\n<p>4___ Sofern unsere Dienstleister oder Partner ihren Sitz in einem Land au\u00dferhalb des Europ\u00e4ischen Wirtschaftsraums (EWR) haben, informieren wir Sie \u00fcber die damit verbundenen datenschutzrechtlichen Folgen im Rahmen der Beschreibung des jeweiligen Angebots.<\/p>\n<p>&nbsp;<\/p>\n<h4><span style=\"color: #003366;\">Widerspruch oder Widerruf gegen die Verarbeitung von Daten<\/span><\/h4>\n<p>1___ Sofern Sie uns eine Einwilligung zur Verarbeitung Ihrer personenbezogenen Daten erteilt haben, k\u00f6nnen Sie diese jederzeit mit Wirkung f\u00fcr die Zukunft widerrufen. Der Widerruf ber\u00fchrt nicht die Rechtm\u00e4\u00dfigkeit der Verarbeitung bis zum Zeitpunkt des Widerrufs, wohl aber deren Zul\u00e4ssigkeit ab dem Zeitpunkt, zu dem uns der Widerruf zugeht.<\/p>\n<p>2___ Soweit wir die Verarbeitung Ihrer personenbezogenen Daten auf eine Interessenabw\u00e4gung st\u00fctzen, haben Sie das Recht, Widerspruch gegen diese Verarbeitung einzulegen. Dies gilt insbesondere dann, wenn die Verarbeitung nicht zur Erf\u00fcllung eines Vertrags mit Ihnen erforderlich ist \u2013 was wir jeweils bei der Beschreibung der entsprechenden Funktionen erl\u00e4utern. Im Falle eines solchen Widerspruchs bitten wir Sie um eine kurze Begr\u00fcndung, warum Sie der Verarbeitung widersprechen. Wir pr\u00fcfen daraufhin die Sachlage und werden entweder die Datenverarbeitung einstellen bzw. anpassen oder Ihnen unsere zwingenden schutzw\u00fcrdigen Gr\u00fcnde mitteilen, auf deren Grundlage wir die Verarbeitung fortf\u00fchren.<\/p>\n<p>3___ Selbstverst\u00e4ndlich k\u00f6nnen Sie der Verarbeitung Ihrer personenbezogenen Daten f\u00fcr Zwecke der Direktwerbung und Datenanalyse jederzeit widersprechen, ohne dass hierf\u00fcr eine Begr\u00fcndung erforderlich ist. Ihren Widerspruch hinsichtlich werblicher Nutzung k\u00f6nnen Sie \u00fcber die oben genannten Kontaktdaten an uns richten.<\/p>\n<p>&nbsp;<\/p>\n<h4><span style=\"color: #003366;\">Newsletter<\/span><\/h4>\n<p>1___ Mit Ihrer Einwilligung k\u00f6nnen Sie unseren Newsletter abonnieren. Dieser informiert Sie regelm\u00e4\u00dfig \u00fcber aktuelle Entwicklungen in den Bereichen Recht, Steuern und Wirtschaft sowie \u00fcber relevante Neuigkeiten von und \u00fcber die Steuerkanzlei Bergbauer.<\/p>\n<p>2___ F\u00fcr die Anmeldung verwenden wir ggf. das sogenannte Double-Opt-in-Verfahren. In diesem Fall erhalten Sie nach der Anmeldung eine E-Mail mit der Bitte um Best\u00e4tigung. Erfolgt diese nicht innerhalb von 72 Stunden, werden die Anmeldedaten automatisch gel\u00f6scht. Zur Sicherstellung und Nachvollziehbarkeit speichern wir dabei auch Ihre IP-Adresse sowie Zeitpunkte der Anmeldung und Best\u00e4tigung.<\/p>\n<p>3___ F\u00fcr den Versand des Newsletters ist ausschlie\u00dflich Ihre E-Mail-Adresse erforderlich. Weitere Angaben sind freiwillig und dienen der pers\u00f6nlichen Ansprache. Nach erfolgter Best\u00e4tigung wird Ihre E-Mail-Adresse auf Grundlage Ihrer Einwilligung gem\u00e4\u00df Art. 6 Abs. 1 S. 1 lit. a DSGVO gespeichert.<\/p>\n<p>4___ Ihre Einwilligung k\u00f6nnen Sie jederzeit widerrufen und den Newsletter abbestellen \u2013 z.B. \u00fcber den Abmeldelink im Newsletter, per E-Mail an [info(a)stk-bergbauer.de] oder \u00fcber die im Impressum genannten Kontaktdaten.<\/p>\n<p>5___ Unsere Newsletter stellen ein unverbindliches Informationsangebot dar und ersetzen keine rechtliche, steuerliche oder betriebswirtschaftliche Beratung. Die Steuerkanzlei Bergbauer erstellt alle Inhalte mit gr\u00f6\u00dftm\u00f6glicher Sorgfalt, \u00fcbernimmt jedoch keine Gew\u00e4hr f\u00fcr Richtigkeit, Aktualit\u00e4t oder Vollst\u00e4ndigkeit. Die Informationen sind allgemein gehalten und nicht auf individuelle Sachverhalte zugeschnitten. F\u00fcr konkrete Einzelf\u00e4lle empfehlen wir die Einholung professionellen Rats. Eine Haftung f\u00fcr Entscheidungen, die aufgrund unserer Newsletter getroffen werden, wird ausgeschlossen.<\/p>\n<p>Der gesamte Inhalt unserer Newsletter sowie der ver\u00f6ffentlichten Fachinformationen auf unserer Website unterliegt dem Urheberrecht der Steuerkanzlei Bergbauer. Eine Nutzung ist nur f\u00fcr den pers\u00f6nlichen Bedarf gestattet. Vervielf\u00e4ltigungen, Verbreitung, \u00c4nderungen oder \u00f6ffentliche Wiedergaben \u2013 ob online oder offline \u2013 bed\u00fcrfen der vorherigen schriftlichen Zustimmung.<\/p>\n<p>&nbsp;<\/p>\n<h4><span style=\"color: #003366;\">Einbindung von Videos<\/span><\/h4>\n<p>1___ Ein Teil der in unserem Online-Angebot eingebundenen Videos ist direkt auf unseren eigenen Systemen gespeichert und \u00fcber unsere Website abrufbar. Bei der Wiedergabe dieser Videos erfolgt keinerlei Daten\u00fcbertragung an Dritte.<\/p>\n<p>2___ Ein weiterer Teil der Videos ist auf der Plattform https:\/\/www.youtube.com\/ gespeichert. Diese Videos sind auf unserer Website jedoch nicht direkt eingebettet, sodass keine Daten\u00fcbertragung an YouTube erfolgt, solange Sie das Video nicht aktiv aufrufen. Stattdessen wird ein Platzhalter mit einer Verlinkung auf das entsprechende Video in unserem YouTube-Kanal angezeigt. Erst durch Anklicken dieser Verlinkung werden Sie auf die Website von YouTube weitergeleitet. Bitte beachten Sie, dass wir auf die dortige Datenverarbeitung keinen Einfluss haben.<\/p>\n<p>&nbsp;<\/p>\n<h4><span style=\"color: #003366;\">Aktualisierung dieser Datenschutzerkl\u00e4rung<\/span><\/h4>\n<p>Wir behalten uns vor, die Datenschutzerkl\u00e4rung zu gegebener Zeit zu aktualisieren, um den Datenschutz zu verbessern und\/oder an eine ge\u00e4nderte Beh\u00f6rdenpraxis oder Rechtsprechung anzupassen.<\/p>\n<p>[\/vc_column_text]<\/div><div class=\"col-md-2  text-default\" ><\/div>  <\/div>  <\/div><\/section>\n","protected":false},"excerpt":{"rendered":"[vc_column_text css_animation=\"none\"] Name und Kontakt des Verantwortlichen gem\u00e4\u00df Artikel 4 Abs. 7 DSGVO Steuerkanzlei Bergbauer Karl Bergbauer Rodinger Stra\u00dfe 19 D \u2013 93413 Cham Tel.\u00a0 \u00a0 \u00a0+49 9971 8512-0 Email \u00a0info(at)stk-bergbauer.de &nbsp; Kontaktdaten des Datenschutzbeauftragten: Tel.\u00a0 \u00a0 \u00a0+49 9971 8512-0 Email\u00a0 datenschutz(at)stk-bergbauer.de Der Datenschutzbeauftragte der Kanzlei ist unter der vorstehenden Kanzleianschrift und unter datenschutz(at)stk-bergbauer.de\u00a0erreichbar. &nbsp; [...]","protected":false},"author":1,"featured_media":0,"parent":0,"menu_order":1300,"comment_status":"closed","ping_status":"closed","template":"","meta":{"footnotes":""},"class_list":["post-86","page","type-page","status-publish","hentry"],"jetpack_sharing_enabled":true,"_links":{"self":[{"href":"https:\/\/bergbauer-steuerkanzlei.de\/home\/wp-json\/wp\/v2\/pages\/86","targetHints":{"allow":["GET"]}}],"collection":[{"href":"https:\/\/bergbauer-steuerkanzlei.de\/home\/wp-json\/wp\/v2\/pages"}],"about":[{"href":"https:\/\/bergbauer-steuerkanzlei.de\/home\/wp-json\/wp\/v2\/types\/page"}],"author":[{"embeddable":true,"href":"https:\/\/bergbauer-steuerkanzlei.de\/home\/wp-json\/wp\/v2\/users\/1"}],"replies":[{"embeddable":true,"href":"https:\/\/bergbauer-steuerkanzlei.de\/home\/wp-json\/wp\/v2\/comments?post=86"}],"version-history":[{"count":32,"href":"https:\/\/bergbauer-steuerkanzlei.de\/home\/wp-json\/wp\/v2\/pages\/86\/revisions"}],"predecessor-version":[{"id":374,"href":"https:\/\/bergbauer-steuerkanzlei.de\/home\/wp-json\/wp\/v2\/pages\/86\/revisions\/374"}],"wp:attachment":[{"href":"https:\/\/bergbauer-steuerkanzlei.de\/home\/wp-json\/wp\/v2\/media?parent=86"}],"curies":[{"name":"wp","href":"https:\/\/api.w.org\/{rel}","templated":true}]}}